{"id":119,"date":"2024-02-19T09:35:57","date_gmt":"2024-02-19T08:35:57","guid":{"rendered":"https:\/\/www.feuerwehr-walldorf.org\/kft\/?page_id=119"},"modified":"2024-04-11T15:03:20","modified_gmt":"2024-04-11T13:03:20","slug":"komm-auf-die-rote-meile","status":"publish","type":"page","link":"https:\/\/www.feuerwehr-walldorf.org\/kft\/komm-auf-die-rote-meile\/","title":{"rendered":"Komm auf die Rote Meile"},"content":{"rendered":"\n<p>Hier gibt&#8217;s einiges zu entdecken: Dich erwartet ein vielf\u00e4ltiges Programm voller Action, Informationen mit Spiel und Spa\u00df f\u00fcr die ganze Familie. <\/p>\n\n\n\n<p>Die Aktionsfl\u00e4che befindet sich rund um das neue Feuerwehrhaus und wird zum Mittelpunkt f\u00fcr lokale Vereine und Blaulichtorganisationen. Entdecke die spannende Welt von Feuerwehr, Polizei, Bundeswehr und viele andere. Erfahre mehr \u00fcber ihre Aufgaben, ihre Ausr\u00fcstung und Herausforderungen.<\/p>\n\n\n\n<p><\/p>\n\n\n\n<blockquote class=\"wp-block-quote is-layout-flow wp-block-quote-is-layout-flow\">\n<p><strong>Bock auf Karriere? <\/strong><\/p>\n<cite>Treffe die Berufsberatung der Bundeswehr, Bundes- &amp; Landespolizei und Flughafenfeuerwehr Frankfurt. <\/cite><\/blockquote>\n\n\n\n<p>Entdecke deine Einstiegsm\u00f6glichkeiten im Zivilschutz und Blaulichtmilieu.  <\/p>\n","protected":false},"excerpt":{"rendered":"<p>Hier gibt&#8217;s einiges zu entdecken: Dich erwartet ein vielf\u00e4ltiges Programm voller Action, Informationen mit Spiel und Spa\u00df f\u00fcr die ganze Familie. Die Aktionsfl\u00e4che befindet sich rund um das neue Feuerwehrhaus und wird zum Mittelpunkt f\u00fcr lokale Vereine und Blaulichtorganisationen. Entdecke die spannende Welt von Feuerwehr, Polizei, Bundeswehr und viele andere. Erfahre mehr \u00fcber ihre Aufgaben, &hellip; <\/p>\n","protected":false},"author":1,"featured_media":120,"parent":0,"menu_order":0,"comment_status":"closed","ping_status":"closed","template":"","meta":{"footnotes":""},"class_list":["post-119","page","type-page","status-publish","has-post-thumbnail","hentry"],"_links":{"self":[{"href":"https:\/\/www.feuerwehr-walldorf.org\/kft\/wp-json\/wp\/v2\/pages\/119","targetHints":{"allow":["GET"]}}],"collection":[{"href":"https:\/\/www.feuerwehr-walldorf.org\/kft\/wp-json\/wp\/v2\/pages"}],"about":[{"href":"https:\/\/www.feuerwehr-walldorf.org\/kft\/wp-json\/wp\/v2\/types\/page"}],"author":[{"embeddable":true,"href":"https:\/\/www.feuerwehr-walldorf.org\/kft\/wp-json\/wp\/v2\/users\/1"}],"replies":[{"embeddable":true,"href":"https:\/\/www.feuerwehr-walldorf.org\/kft\/wp-json\/wp\/v2\/comments?post=119"}],"version-history":[{"count":19,"href":"https:\/\/www.feuerwehr-walldorf.org\/kft\/wp-json\/wp\/v2\/pages\/119\/revisions"}],"predecessor-version":[{"id":306,"href":"https:\/\/www.feuerwehr-walldorf.org\/kft\/wp-json\/wp\/v2\/pages\/119\/revisions\/306"}],"wp:featuredmedia":[{"embeddable":true,"href":"https:\/\/www.feuerwehr-walldorf.org\/kft\/wp-json\/wp\/v2\/media\/120"}],"wp:attachment":[{"href":"https:\/\/www.feuerwehr-walldorf.org\/kft\/wp-json\/wp\/v2\/media?parent=119"}],"curies":[{"name":"wp","href":"https:\/\/api.w.org\/{rel}","templated":true}]}}