{"id":144,"date":"2024-02-19T10:55:48","date_gmt":"2024-02-19T09:55:48","guid":{"rendered":"https:\/\/www.feuerwehr-walldorf.org\/kft\/?page_id=144"},"modified":"2024-04-25T08:17:19","modified_gmt":"2024-04-25T06:17:19","slug":"wir-feiern-mit-euch","status":"publish","type":"page","link":"https:\/\/www.feuerwehr-walldorf.org\/kft\/wir-feiern-mit-euch\/","title":{"rendered":"Feier mit uns!"},"content":{"rendered":"\n<p><strong>Bereit f\u00fcr Party und gute Beats?<\/strong> <\/p>\n\n\n\n<figure class=\"wp-block-table is-style-stripes\"><table class=\"has-fixed-layout\"><tbody><tr><td>Wann<\/td><td>Wo<\/td><\/tr><tr><td>18:00 Uhr<\/td><td>B\u00fchne &#8211; Feuerwache Walldorf<\/td><\/tr><\/tbody><\/table><\/figure>\n\n\n\n<p>Warm-Up f\u00fcr die gro\u00dfe Party. <\/p>\n\n\n\n<p>Wir starten fr\u00fch in den Abend, daf\u00fcr direkt mit Vollgas und 100% Power!<br>Der Eintritt ist frei. Es gibt wirklich keinen Grund, nicht dabei zu sein.<\/p>\n\n\n\n<p><\/p>\n\n\n\n<figure class=\"wp-block-table is-style-stripes\"><table class=\"has-fixed-layout\"><tbody><tr><td>Band CLUB LIVE<\/td><td><\/td><\/tr><tr><td>19:30 bis 24:00 Uhr<\/td><td><\/td><\/tr><\/tbody><\/table><\/figure>\n","protected":false},"excerpt":{"rendered":"<p>Bereit f\u00fcr Party und gute Beats? Wann Wo 18:00 Uhr B\u00fchne &#8211; Feuerwache Walldorf Warm-Up f\u00fcr die gro\u00dfe Party. Wir starten fr\u00fch in den Abend, daf\u00fcr direkt mit Vollgas und 100% Power!Der Eintritt ist frei. Es gibt wirklich keinen Grund, nicht dabei zu sein. Band CLUB LIVE 19:30 bis 24:00 Uhr<\/p>\n","protected":false},"author":1,"featured_media":148,"parent":0,"menu_order":0,"comment_status":"closed","ping_status":"closed","template":"","meta":{"footnotes":""},"class_list":["post-144","page","type-page","status-publish","has-post-thumbnail","hentry"],"_links":{"self":[{"href":"https:\/\/www.feuerwehr-walldorf.org\/kft\/wp-json\/wp\/v2\/pages\/144","targetHints":{"allow":["GET"]}}],"collection":[{"href":"https:\/\/www.feuerwehr-walldorf.org\/kft\/wp-json\/wp\/v2\/pages"}],"about":[{"href":"https:\/\/www.feuerwehr-walldorf.org\/kft\/wp-json\/wp\/v2\/types\/page"}],"author":[{"embeddable":true,"href":"https:\/\/www.feuerwehr-walldorf.org\/kft\/wp-json\/wp\/v2\/users\/1"}],"replies":[{"embeddable":true,"href":"https:\/\/www.feuerwehr-walldorf.org\/kft\/wp-json\/wp\/v2\/comments?post=144"}],"version-history":[{"count":15,"href":"https:\/\/www.feuerwehr-walldorf.org\/kft\/wp-json\/wp\/v2\/pages\/144\/revisions"}],"predecessor-version":[{"id":325,"href":"https:\/\/www.feuerwehr-walldorf.org\/kft\/wp-json\/wp\/v2\/pages\/144\/revisions\/325"}],"wp:featuredmedia":[{"embeddable":true,"href":"https:\/\/www.feuerwehr-walldorf.org\/kft\/wp-json\/wp\/v2\/media\/148"}],"wp:attachment":[{"href":"https:\/\/www.feuerwehr-walldorf.org\/kft\/wp-json\/wp\/v2\/media?parent=144"}],"curies":[{"name":"wp","href":"https:\/\/api.w.org\/{rel}","templated":true}]}}